{"id":52,"date":"2015-02-26T10:08:37","date_gmt":"2015-02-26T09:08:37","guid":{"rendered":"http:\/\/nice-nyenrode.nl\/\/home\/opleiding\/aocv\/"},"modified":"2025-02-24T14:31:42","modified_gmt":"2025-02-24T13:31:42","slug":"aocv","status":"publish","type":"page","link":"https:\/\/niceopleidingen.nl\/nl\/home\/opleiding\/aocv\/","title":{"rendered":"AOCV"},"content":{"rendered":"<h1>AOCV<\/h1>\n<h1>Algemene Opleiding Co\u00f6peratieve Vaardigheden<\/h1>\n<p>Co\u00f6peraties zijn ondernemingen met een bijzonder karakter. De leden van de co\u00f6peratie zijn mede-eigenaar en vooral zakenpartner. De opdracht aan de co\u00f6peratie is om een sterke marktpositie op te bouwen en zo bij te dragen aan de continu\u00efteit en rentabiliteit van de bedrijven van de leden.<\/p>\n<p>Anders gezegd: de co\u00f6peratie is voor het lid een middel om zijn eigen ondernemersdoelstellingen te realiseren.<\/p>\n<p>Het is de taak van het bestuur van de co\u00f6peratie om aan die opdracht invulling te geven en realiseert dit via het beleid van de co\u00f6peratie. Dit is gemakkelijker gezegd dan gedaan. In deze tijd zijn de veranderingen ingrijpend en bovendien vinden ze in een hoog tempo plaats en op veel terreinen (economisch, maatschappelijk en van regionaal tot internationaal). Veranderingen vragen om vertaling naar kansen en mogelijkheden voor de eigen co\u00f6peratie. Dit heeft consequenties voor de leden en daarvoor moet draagvlak gecre\u00eberd worden.<\/p>\n<p>De AOCV richt zich op mensen die zitting hebben (of binnenkort zullen gaan hebben) in een bestuur of een Raad van Commissarissen\/dan wel het districts-, afdelings-, kring- of sectiebestuur en\/of ledenraad. Per AOCV kunnen maximaal 20 personen deelnemen. Als vereiste geldt een aanwezigheidscriterium van 80%.<\/p>\n","protected":false},"excerpt":{"rendered":"AOCV Algemene Opleiding Co\u00f6peratieve Vaardigheden Co\u00f6peraties zijn ondernemingen met een bijzonder karakter. De leden van de co\u00f6peratie zijn mede-eigenaar en vooral zakenpartner. De opdracht aan de co\u00f6peratie is om een sterke marktpositie op te bouwen en zo bij te dragen aan de continu\u00efteit en rentabiliteit van de bedrijven van de leden. Anders gezegd: de co\u00f6peratie&#8230;<br><a class=\"view-article\" href=\"https:\/\/niceopleidingen.nl\/nl\/home\/opleiding\/aocv\/\">Bekijk Artikel<\/a>","protected":false},"author":4,"featured_media":0,"parent":10,"menu_order":24,"comment_status":"closed","ping_status":"closed","template":"page-opleiding.php","meta":{"_acf_changed":false,"footnotes":""},"class_list":["post-52","page","type-page","status-publish","hentry"],"acf":[],"_links":{"self":[{"href":"https:\/\/niceopleidingen.nl\/nl\/wp-json\/wp\/v2\/pages\/52","targetHints":{"allow":["GET"]}}],"collection":[{"href":"https:\/\/niceopleidingen.nl\/nl\/wp-json\/wp\/v2\/pages"}],"about":[{"href":"https:\/\/niceopleidingen.nl\/nl\/wp-json\/wp\/v2\/types\/page"}],"author":[{"embeddable":true,"href":"https:\/\/niceopleidingen.nl\/nl\/wp-json\/wp\/v2\/users\/4"}],"replies":[{"embeddable":true,"href":"https:\/\/niceopleidingen.nl\/nl\/wp-json\/wp\/v2\/comments?post=52"}],"version-history":[{"count":59,"href":"https:\/\/niceopleidingen.nl\/nl\/wp-json\/wp\/v2\/pages\/52\/revisions"}],"predecessor-version":[{"id":2201,"href":"https:\/\/niceopleidingen.nl\/nl\/wp-json\/wp\/v2\/pages\/52\/revisions\/2201"}],"up":[{"embeddable":true,"href":"https:\/\/niceopleidingen.nl\/nl\/wp-json\/wp\/v2\/pages\/10"}],"wp:attachment":[{"href":"https:\/\/niceopleidingen.nl\/nl\/wp-json\/wp\/v2\/media?parent=52"}],"curies":[{"name":"wp","href":"https:\/\/api.w.org\/{rel}","templated":true}]}}