{"id":485,"date":"2017-11-03T13:38:41","date_gmt":"2017-11-03T12:38:41","guid":{"rendered":"http:\/\/nice-nyenrode.nl\/?page_id=485"},"modified":"2019-07-04T13:03:44","modified_gmt":"2019-07-04T12:03:44","slug":"referenties","status":"publish","type":"page","link":"https:\/\/niceopleidingen.nl\/nl\/referenties\/","title":{"rendered":"Referenties"},"content":{"rendered":"<p><em>\u201cAls Coforta\/The Greenery doen we niet zomaar een beroep op adviesbedrijven. NICE is al jaren een trouwe partner als het gaat om Strategie en Beleids-ontwikkeling binnen Coforta\/The Greenery \u201c. &#8211;&nbsp;<\/em><strong><em>Joost Rouwhorst, Manager Co\u00f6peratiezaken Coforta<\/em><\/strong><\/p>\n<hr>\n<p><em>\u201cHet volgen van de verschillende leergangen bij NICE heeft eraan bijgedragen dat onze commissarissen en ledenraadsleden met sprongen gegroeid zijn in zowel hun hun bestuurlijke rol bij de co\u00f6peratie als in hun persoonlijke ontwikkeling. De intensiviteit van de programma\u2019s maakt het verschil ten opzichte van andere aanbieders. Door de ontwikkeling van de individuele commissarissen en ledenraadsleden is de governance bij onze co\u00f6peratie als geheel verder geprofessionaliseerd\u201d. \u2013&nbsp;<strong>Marcel Roordink, Algemeen Directeur ABZ Diervoeding<\/strong><\/em><\/p>\n<hr>\n<p><em>\u201cDe persoonsgerichte aanpak in Leergang Leiderschap en AOCV geeft deelnemers levenslange bagage mee. Ze krijgen inzicht in het begrip en de bestuursvorm co\u00f6peratie. \u00c9n leren zichzelf kennen en de impact op hun omgeving, zowel zakelijk als priv\u00e9. Voor het bestuurlijke werk in een co\u00f6peratie een onmisbare groei, die ze daarmee doormaken\u201d. \u2013&nbsp;<strong>Henk Wassink, voormalig manager Co\u00f6peratiezaken, Agrifirm<\/strong><\/em><\/p>\n<hr>\n<p><em>\u201cNamens AR heeft een groot aantal collegeleden in de afgelopen jaren de Bestuurdersleergang, AOCV of Leergang Leiderschap van NICE gevolgd. Van de deelnemers krijgen we enthousiaste reacties terug. Het zijn intensieve trajecten die de collegeleden direct meerwaarde opleveren in hun rol als bestuurslid of commissaris van een co\u00f6peratie\u201d<\/em>. &#8211;&nbsp;<strong><em>Martin Grift, Co\u00f6peratie AgruniekRijnvallei<\/em><\/strong><\/p>\n<hr>\n<p><em>\u201cIk vond het een cadeautje en je moet het jezelf gunnen om het uit te pakken\u201d. \u2013&nbsp;<strong>Cees Kimmel, Vennoot en NVM Makelaar bij Frisia Makelaars, Partner in Dynamis<\/strong><\/em><\/p>\n","protected":false},"excerpt":{"rendered":"\u201cAls Coforta\/The Greenery doen we niet zomaar een beroep op adviesbedrijven. NICE is al jaren een trouwe partner als het gaat om Strategie en Beleids-ontwikkeling binnen Coforta\/The Greenery \u201c. &#8211;&nbsp;Joost Rouwhorst, Manager Co\u00f6peratiezaken Coforta \u201cHet volgen van de verschillende leergangen bij NICE heeft eraan bijgedragen dat onze commissarissen en ledenraadsleden met sprongen gegroeid zijn in&#8230;<br><a class=\"view-article\" href=\"https:\/\/niceopleidingen.nl\/nl\/referenties\/\">Bekijk Artikel<\/a>","protected":false},"author":2,"featured_media":0,"parent":0,"menu_order":19,"comment_status":"closed","ping_status":"closed","template":"","meta":{"_acf_changed":false,"footnotes":""},"class_list":["post-485","page","type-page","status-publish","hentry"],"acf":[],"_links":{"self":[{"href":"https:\/\/niceopleidingen.nl\/nl\/wp-json\/wp\/v2\/pages\/485","targetHints":{"allow":["GET"]}}],"collection":[{"href":"https:\/\/niceopleidingen.nl\/nl\/wp-json\/wp\/v2\/pages"}],"about":[{"href":"https:\/\/niceopleidingen.nl\/nl\/wp-json\/wp\/v2\/types\/page"}],"author":[{"embeddable":true,"href":"https:\/\/niceopleidingen.nl\/nl\/wp-json\/wp\/v2\/users\/2"}],"replies":[{"embeddable":true,"href":"https:\/\/niceopleidingen.nl\/nl\/wp-json\/wp\/v2\/comments?post=485"}],"version-history":[{"count":7,"href":"https:\/\/niceopleidingen.nl\/nl\/wp-json\/wp\/v2\/pages\/485\/revisions"}],"predecessor-version":[{"id":1150,"href":"https:\/\/niceopleidingen.nl\/nl\/wp-json\/wp\/v2\/pages\/485\/revisions\/1150"}],"wp:attachment":[{"href":"https:\/\/niceopleidingen.nl\/nl\/wp-json\/wp\/v2\/media?parent=485"}],"curies":[{"name":"wp","href":"https:\/\/api.w.org\/{rel}","templated":true}]}}